{"id":81,"date":"2020-04-02T20:46:52","date_gmt":"2020-04-02T20:46:52","guid":{"rendered":"http:\/\/abassionato.de\/?page_id=81"},"modified":"2022-12-29T18:13:47","modified_gmt":"2022-12-29T18:13:47","slug":"impressum","status":"publish","type":"page","link":"https:\/\/abassionato.de\/?page_id=81","title":{"rendered":"Impressum"},"content":{"rendered":"\n<h3 class=\"wp-block-heading\">VERANTWORTLICH<\/h3>\n\n\n\n<p><strong>Juliane Bruckmann<br><\/strong>Elsasser Str. 73<br>28211 Bremen<br>juliane@abassionato.de<\/p>\n\n\n\n<h3 class=\"wp-block-heading\">HAFTUNG F\u00dcR INHALTE<\/h3>\n\n\n\n<p>Die Inhalte dieser Website wurden bei ihrer Erstellung auf Richtigkeit, Vollst\u00e4ndigkeit und Aktualit\u00e4t \u00fcberpr\u00fcft. S\u00e4mtliche Inhalte werden in regelm\u00e4\u00dfigen Abst\u00e4nden \u00fcberpr\u00fcft und aktualisiert. F\u00fcr die Richtigkeit, Vollst\u00e4ndigkeit und Aktualit\u00e4t kann aber nicht garantiert werden.<\/p>\n\n\n\n<h3 class=\"wp-block-heading\">URHEBERRECHT<\/h3>\n\n\n\n<p>S\u00e4mtliche Inhalte und Werke auf diesen Seiten, insbesondere die Fotografien, unterliegen dem deutschen Urheberrecht.<\/p>\n\n\n\n<p>Das Herunterladen oder Kopieren der Webseiten ist nur f\u00fcr den privaten Gebrauch gestattet. Das Herunterladen von Fotografien sowie deren Vervief\u00e4ltigung, \u00c4nderung, Bildbearbeitung und kommerzielle Nutzung ist untersagt.<\/p>\n","protected":false},"excerpt":{"rendered":"<p>VERANTWORTLICH Juliane BruckmannElsasser Str. 7328211 Bremenjuliane@abassionato.de HAFTUNG F\u00dcR INHALTE Die Inhalte dieser Website wurden bei ihrer Erstellung auf Richtigkeit, Vollst\u00e4ndigkeit und Aktualit\u00e4t \u00fcberpr\u00fcft. S\u00e4mtliche Inhalte werden in regelm\u00e4\u00dfigen Abst\u00e4nden \u00fcberpr\u00fcft und aktualisiert. F\u00fcr die Richtigkeit, Vollst\u00e4ndigkeit und Aktualit\u00e4t kann aber<\/p>\n","protected":false},"author":1,"featured_media":0,"parent":0,"menu_order":0,"comment_status":"closed","ping_status":"closed","template":"","meta":{"footnotes":""},"class_list":["post-81","page","type-page","status-publish","hentry"],"yoast_head":"<!-- This site is optimized with the Yoast SEO plugin v27.5 - https:\/\/yoast.com\/product\/yoast-seo-wordpress\/ -->\n<title>Impressum - Trio abassionato<\/title>\n<meta name=\"robots\" content=\"index, follow, max-snippet:-1, max-image-preview:large, max-video-preview:-1\" \/>\n<link rel=\"canonical\" href=\"https:\/\/abassionato.de\/?page_id=81\" \/>\n<meta property=\"og:locale\" content=\"de_DE\" \/>\n<meta property=\"og:type\" content=\"article\" \/>\n<meta property=\"og:title\" content=\"Impressum - Trio abassionato\" \/>\n<meta property=\"og:description\" content=\"VERANTWORTLICH Juliane BruckmannElsasser Str. 7328211 Bremenjuliane@abassionato.de HAFTUNG F\u00dcR INHALTE Die Inhalte dieser Website wurden bei ihrer Erstellung auf Richtigkeit, Vollst\u00e4ndigkeit und Aktualit\u00e4t \u00fcberpr\u00fcft. S\u00e4mtliche Inhalte werden in regelm\u00e4\u00dfigen Abst\u00e4nden \u00fcberpr\u00fcft und aktualisiert. F\u00fcr die Richtigkeit, Vollst\u00e4ndigkeit und Aktualit\u00e4t kann aber\" \/>\n<meta property=\"og:url\" content=\"https:\/\/abassionato.de\/?page_id=81\" \/>\n<meta property=\"og:site_name\" content=\"Trio abassionato\" \/>\n<meta property=\"article:modified_time\" content=\"2022-12-29T18:13:47+00:00\" \/>\n<meta name=\"twitter:card\" content=\"summary_large_image\" \/>\n<meta name=\"twitter:label1\" content=\"Gesch\u00e4tzte Lesezeit\" \/>\n\t<meta name=\"twitter:data1\" content=\"1\u00a0Minute\" \/>\n<script type=\"application\/ld+json\" class=\"yoast-schema-graph\">{\"@context\":\"https:\\\/\\\/schema.org\",\"@graph\":[{\"@type\":\"WebPage\",\"@id\":\"https:\\\/\\\/abassionato.de\\\/?page_id=81\",\"url\":\"https:\\\/\\\/abassionato.de\\\/?page_id=81\",\"name\":\"Impressum - Trio abassionato\",\"isPartOf\":{\"@id\":\"https:\\\/\\\/abassionato.de\\\/#website\"},\"datePublished\":\"2020-04-02T20:46:52+00:00\",\"dateModified\":\"2022-12-29T18:13:47+00:00\",\"breadcrumb\":{\"@id\":\"https:\\\/\\\/abassionato.de\\\/?page_id=81#breadcrumb\"},\"inLanguage\":\"de\",\"potentialAction\":[{\"@type\":\"ReadAction\",\"target\":[\"https:\\\/\\\/abassionato.de\\\/?page_id=81\"]}]},{\"@type\":\"BreadcrumbList\",\"@id\":\"https:\\\/\\\/abassionato.de\\\/?page_id=81#breadcrumb\",\"itemListElement\":[{\"@type\":\"ListItem\",\"position\":1,\"name\":\"Startseite\",\"item\":\"https:\\\/\\\/abassionato.de\\\/\"},{\"@type\":\"ListItem\",\"position\":2,\"name\":\"Impressum\"}]},{\"@type\":\"WebSite\",\"@id\":\"https:\\\/\\\/abassionato.de\\\/#website\",\"url\":\"https:\\\/\\\/abassionato.de\\\/\",\"name\":\"Trio abassionato\",\"description\":\"\",\"publisher\":{\"@id\":\"https:\\\/\\\/abassionato.de\\\/#\\\/schema\\\/person\\\/b36ecb75c5a777d91b605874fd93921e\"},\"potentialAction\":[{\"@type\":\"SearchAction\",\"target\":{\"@type\":\"EntryPoint\",\"urlTemplate\":\"https:\\\/\\\/abassionato.de\\\/?s={search_term_string}\"},\"query-input\":{\"@type\":\"PropertyValueSpecification\",\"valueRequired\":true,\"valueName\":\"search_term_string\"}}],\"inLanguage\":\"de\"},{\"@type\":[\"Person\",\"Organization\"],\"@id\":\"https:\\\/\\\/abassionato.de\\\/#\\\/schema\\\/person\\\/b36ecb75c5a777d91b605874fd93921e\",\"name\":\"Trio Abassionato\",\"image\":{\"@type\":\"ImageObject\",\"inLanguage\":\"de\",\"@id\":\"https:\\\/\\\/secure.gravatar.com\\\/avatar\\\/4731c00fbff56ff06dea94c3bf4db4508e38ebc4cd67e950334a3f917dda51cf?s=96&d=mm&r=g\",\"url\":\"https:\\\/\\\/secure.gravatar.com\\\/avatar\\\/4731c00fbff56ff06dea94c3bf4db4508e38ebc4cd67e950334a3f917dda51cf?s=96&d=mm&r=g\",\"contentUrl\":\"https:\\\/\\\/secure.gravatar.com\\\/avatar\\\/4731c00fbff56ff06dea94c3bf4db4508e38ebc4cd67e950334a3f917dda51cf?s=96&d=mm&r=g\",\"caption\":\"Trio Abassionato\"},\"logo\":{\"@id\":\"https:\\\/\\\/secure.gravatar.com\\\/avatar\\\/4731c00fbff56ff06dea94c3bf4db4508e38ebc4cd67e950334a3f917dda51cf?s=96&d=mm&r=g\"},\"sameAs\":[\"http:\\\/\\\/abassionato.de\"]}]}<\/script>\n<!-- \/ Yoast SEO plugin. -->","yoast_head_json":{"title":"Impressum - Trio abassionato","robots":{"index":"index","follow":"follow","max-snippet":"max-snippet:-1","max-image-preview":"max-image-preview:large","max-video-preview":"max-video-preview:-1"},"canonical":"https:\/\/abassionato.de\/?page_id=81","og_locale":"de_DE","og_type":"article","og_title":"Impressum - Trio abassionato","og_description":"VERANTWORTLICH Juliane BruckmannElsasser Str. 7328211 Bremenjuliane@abassionato.de HAFTUNG F\u00dcR INHALTE Die Inhalte dieser Website wurden bei ihrer Erstellung auf Richtigkeit, Vollst\u00e4ndigkeit und Aktualit\u00e4t \u00fcberpr\u00fcft. S\u00e4mtliche Inhalte werden in regelm\u00e4\u00dfigen Abst\u00e4nden \u00fcberpr\u00fcft und aktualisiert. F\u00fcr die Richtigkeit, Vollst\u00e4ndigkeit und Aktualit\u00e4t kann aber","og_url":"https:\/\/abassionato.de\/?page_id=81","og_site_name":"Trio abassionato","article_modified_time":"2022-12-29T18:13:47+00:00","twitter_card":"summary_large_image","twitter_misc":{"Gesch\u00e4tzte Lesezeit":"1\u00a0Minute"},"schema":{"@context":"https:\/\/schema.org","@graph":[{"@type":"WebPage","@id":"https:\/\/abassionato.de\/?page_id=81","url":"https:\/\/abassionato.de\/?page_id=81","name":"Impressum - Trio abassionato","isPartOf":{"@id":"https:\/\/abassionato.de\/#website"},"datePublished":"2020-04-02T20:46:52+00:00","dateModified":"2022-12-29T18:13:47+00:00","breadcrumb":{"@id":"https:\/\/abassionato.de\/?page_id=81#breadcrumb"},"inLanguage":"de","potentialAction":[{"@type":"ReadAction","target":["https:\/\/abassionato.de\/?page_id=81"]}]},{"@type":"BreadcrumbList","@id":"https:\/\/abassionato.de\/?page_id=81#breadcrumb","itemListElement":[{"@type":"ListItem","position":1,"name":"Startseite","item":"https:\/\/abassionato.de\/"},{"@type":"ListItem","position":2,"name":"Impressum"}]},{"@type":"WebSite","@id":"https:\/\/abassionato.de\/#website","url":"https:\/\/abassionato.de\/","name":"Trio abassionato","description":"","publisher":{"@id":"https:\/\/abassionato.de\/#\/schema\/person\/b36ecb75c5a777d91b605874fd93921e"},"potentialAction":[{"@type":"SearchAction","target":{"@type":"EntryPoint","urlTemplate":"https:\/\/abassionato.de\/?s={search_term_string}"},"query-input":{"@type":"PropertyValueSpecification","valueRequired":true,"valueName":"search_term_string"}}],"inLanguage":"de"},{"@type":["Person","Organization"],"@id":"https:\/\/abassionato.de\/#\/schema\/person\/b36ecb75c5a777d91b605874fd93921e","name":"Trio Abassionato","image":{"@type":"ImageObject","inLanguage":"de","@id":"https:\/\/secure.gravatar.com\/avatar\/4731c00fbff56ff06dea94c3bf4db4508e38ebc4cd67e950334a3f917dda51cf?s=96&d=mm&r=g","url":"https:\/\/secure.gravatar.com\/avatar\/4731c00fbff56ff06dea94c3bf4db4508e38ebc4cd67e950334a3f917dda51cf?s=96&d=mm&r=g","contentUrl":"https:\/\/secure.gravatar.com\/avatar\/4731c00fbff56ff06dea94c3bf4db4508e38ebc4cd67e950334a3f917dda51cf?s=96&d=mm&r=g","caption":"Trio Abassionato"},"logo":{"@id":"https:\/\/secure.gravatar.com\/avatar\/4731c00fbff56ff06dea94c3bf4db4508e38ebc4cd67e950334a3f917dda51cf?s=96&d=mm&r=g"},"sameAs":["http:\/\/abassionato.de"]}]}},"_links":{"self":[{"href":"https:\/\/abassionato.de\/index.php?rest_route=\/wp\/v2\/pages\/81","targetHints":{"allow":["GET"]}}],"collection":[{"href":"https:\/\/abassionato.de\/index.php?rest_route=\/wp\/v2\/pages"}],"about":[{"href":"https:\/\/abassionato.de\/index.php?rest_route=\/wp\/v2\/types\/page"}],"author":[{"embeddable":true,"href":"https:\/\/abassionato.de\/index.php?rest_route=\/wp\/v2\/users\/1"}],"replies":[{"embeddable":true,"href":"https:\/\/abassionato.de\/index.php?rest_route=%2Fwp%2Fv2%2Fcomments&post=81"}],"version-history":[{"count":4,"href":"https:\/\/abassionato.de\/index.php?rest_route=\/wp\/v2\/pages\/81\/revisions"}],"predecessor-version":[{"id":186,"href":"https:\/\/abassionato.de\/index.php?rest_route=\/wp\/v2\/pages\/81\/revisions\/186"}],"wp:attachment":[{"href":"https:\/\/abassionato.de\/index.php?rest_route=%2Fwp%2Fv2%2Fmedia&parent=81"}],"curies":[{"name":"wp","href":"https:\/\/api.w.org\/{rel}","templated":true}]}}