{"id":72,"date":"2020-04-02T19:18:21","date_gmt":"2020-04-02T19:18:21","guid":{"rendered":"http:\/\/abassionato.de\/?page_id=72"},"modified":"2025-09-25T10:22:00","modified_gmt":"2025-09-25T10:22:00","slug":"trio-abassionato","status":"publish","type":"page","link":"https:\/\/abassionato.de\/","title":{"rendered":"Trio abassionato"},"content":{"rendered":"\t\t<div data-elementor-type=\"wp-page\" data-elementor-id=\"72\" class=\"elementor elementor-72\">\n\t\t\t\t\t\t<section class=\"elementor-section elementor-top-section elementor-element elementor-element-6e32c8c0 elementor-section-boxed elementor-section-height-default elementor-section-height-default\" data-id=\"6e32c8c0\" data-element_type=\"section\" data-e-type=\"section\">\n\t\t\t\t\t\t<div class=\"elementor-container elementor-column-gap-default\">\n\t\t\t\t\t<div class=\"elementor-column elementor-col-100 elementor-top-column elementor-element elementor-element-45b6eef\" data-id=\"45b6eef\" data-element_type=\"column\" data-e-type=\"column\">\n\t\t\t<div class=\"elementor-widget-wrap elementor-element-populated\">\n\t\t\t\t\t\t<div class=\"elementor-element elementor-element-27685700 elementor-widget elementor-widget-text-editor\" data-id=\"27685700\" data-element_type=\"widget\" data-e-type=\"widget\" data-widget_type=\"text-editor.default\">\n\t\t\t\t<div class=\"elementor-widget-container\">\n\t\t\t\t\t\t\t\t\t\n<p class=\"is-layout-flow wp-block-cover-is-layout-flow\">\u00a0<\/p>\n\n<p>\u00a0<\/p>\n\n<p>\u00a0<\/p>\n\n<p>Das Trio abassionato sind die drei Kontrabassist*innen Juliane Bruckmann, Lars Radloff und Matthias Solle. Im Jahr 2009 lernen sie sich in der Deutschen Streicherphilharmonie kennen. Es entsteht nicht nur eine enge Freundschaft, sondern auch der Wunsch in Zukunft regelm\u00e4\u00dfig miteinander zu musizieren. Die Herausforderung, mit einem Kontrabasstrio keine ganz allt\u00e4gliche Besetzung zu haben, nehmen die drei Bassist*innen dankend an und werden nach kurzer Zeit Preistr\u00e4ger*innen des Bundeswettbewerbs Jugend Musiziert und\u00a0dar\u00fcber hinaus mit dem F\u00f6rderpreis der Sparkasse ausgezeichnet. Gef\u00f6rdert wird das Trio in seinen Anfangsjahren besonders durch Michael Sanderling, Chefdirigent des Luzerner Sinfonieorchesters, sowie durch Gottfried Engels. Im Laufe der Jahre entwickeln die drei Freunde ein breit gef\u00e4chertes Repertoire aus Originalwerken und Arrangements und konnten einige der zeitgen\u00f6ssischen Werke des Repertoires mit ihren Komponist*innen erarbeiten. Zuletzt wird ihnen die Ehre zu teil das Trio f\u00fcr drei Kontrab\u00e4sse von Boguslaw Furtok uraufzuf\u00fchren.\u00a0<br \/>Die gemeinsame Liebe, ihr Publikum in die tiefe Welt der Kontrab\u00e4sse zu entf\u00fchren, ist st\u00e4rker als die Unannehmlichkeiten des Reisens mit gro\u00dfem Instrument, denn die drei Bassist*innen treffen sich mehrmals \u00fcber das Jahr verteilt an verschiedenen Orten, um an ihren Programmen zu feilen.<\/p>\n\n<p>\u00a0<\/p>\n\t\t\t\t\t\t\t\t<\/div>\n\t\t\t\t<\/div>\n\t\t\t\t\t<\/div>\n\t\t<\/div>\n\t\t\t\t\t<\/div>\n\t\t<\/section>\n\t\t\t\t<\/div>\n\t\t","protected":false},"excerpt":{"rendered":"<p>\u00a0 Das Trio abassionato sind die drei Kontrabassist*innen Juliane Bruckmann, Lars Radloff und Matthias Solle. Im Jahr 2009 lernen sie sich in der Deutschen Streicherphilharmonie kennen. Es entsteht nicht nur eine enge Freundschaft, sondern auch der Wunsch in Zukunft regelm\u00e4\u00dfig<\/p>\n","protected":false},"author":1,"featured_media":0,"parent":0,"menu_order":1,"comment_status":"closed","ping_status":"closed","template":"","meta":{"footnotes":""},"class_list":["post-72","page","type-page","status-publish","hentry"],"yoast_head":"<!-- This site is optimized with the Yoast SEO plugin v27.4 - https:\/\/yoast.com\/product\/yoast-seo-wordpress\/ -->\n<title>Trio abassionato - Trio abassionato<\/title>\n<meta name=\"description\" content=\"Das Trio abassionato sind die drei Kontrabassist*innen Juliane Bruckmann, Lars Radloff und Matthias Solle.\" \/>\n<meta name=\"robots\" content=\"index, follow, max-snippet:-1, max-image-preview:large, max-video-preview:-1\" \/>\n<link rel=\"canonical\" href=\"https:\/\/abassionato.de\/\" \/>\n<meta property=\"og:locale\" content=\"de_DE\" \/>\n<meta property=\"og:type\" content=\"article\" \/>\n<meta property=\"og:title\" content=\"Trio abassionato - Trio abassionato\" \/>\n<meta property=\"og:description\" content=\"Das Trio abassionato sind die drei Kontrabassist*innen Juliane Bruckmann, Lars Radloff und Matthias Solle.\" \/>\n<meta property=\"og:url\" content=\"https:\/\/abassionato.de\/\" \/>\n<meta property=\"og:site_name\" content=\"Trio abassionato\" \/>\n<meta property=\"article:modified_time\" content=\"2025-09-25T10:22:00+00:00\" \/>\n<meta name=\"twitter:card\" content=\"summary_large_image\" \/>\n<meta name=\"twitter:label1\" content=\"Gesch\u00e4tzte Lesezeit\" \/>\n\t<meta name=\"twitter:data1\" content=\"2\u00a0Minuten\" \/>\n<script type=\"application\/ld+json\" class=\"yoast-schema-graph\">{\"@context\":\"https:\\\/\\\/schema.org\",\"@graph\":[{\"@type\":\"WebPage\",\"@id\":\"https:\\\/\\\/abassionato.de\\\/\",\"url\":\"https:\\\/\\\/abassionato.de\\\/\",\"name\":\"Trio abassionato - Trio abassionato\",\"isPartOf\":{\"@id\":\"https:\\\/\\\/abassionato.de\\\/#website\"},\"datePublished\":\"2020-04-02T19:18:21+00:00\",\"dateModified\":\"2025-09-25T10:22:00+00:00\",\"description\":\"Das Trio abassionato sind die drei Kontrabassist*innen Juliane Bruckmann, Lars Radloff und Matthias Solle.\",\"breadcrumb\":{\"@id\":\"https:\\\/\\\/abassionato.de\\\/#breadcrumb\"},\"inLanguage\":\"de\",\"potentialAction\":[{\"@type\":\"ReadAction\",\"target\":[\"https:\\\/\\\/abassionato.de\\\/\"]}]},{\"@type\":\"BreadcrumbList\",\"@id\":\"https:\\\/\\\/abassionato.de\\\/#breadcrumb\",\"itemListElement\":[{\"@type\":\"ListItem\",\"position\":1,\"name\":\"Startseite\",\"item\":\"https:\\\/\\\/abassionato.de\\\/\"},{\"@type\":\"ListItem\",\"position\":2,\"name\":\"Trio abassionato\"}]},{\"@type\":\"WebSite\",\"@id\":\"https:\\\/\\\/abassionato.de\\\/#website\",\"url\":\"https:\\\/\\\/abassionato.de\\\/\",\"name\":\"Trio abassionato\",\"description\":\"\",\"publisher\":{\"@id\":\"https:\\\/\\\/abassionato.de\\\/#\\\/schema\\\/person\\\/b36ecb75c5a777d91b605874fd93921e\"},\"potentialAction\":[{\"@type\":\"SearchAction\",\"target\":{\"@type\":\"EntryPoint\",\"urlTemplate\":\"https:\\\/\\\/abassionato.de\\\/?s={search_term_string}\"},\"query-input\":{\"@type\":\"PropertyValueSpecification\",\"valueRequired\":true,\"valueName\":\"search_term_string\"}}],\"inLanguage\":\"de\"},{\"@type\":[\"Person\",\"Organization\"],\"@id\":\"https:\\\/\\\/abassionato.de\\\/#\\\/schema\\\/person\\\/b36ecb75c5a777d91b605874fd93921e\",\"name\":\"Trio Abassionato\",\"image\":{\"@type\":\"ImageObject\",\"inLanguage\":\"de\",\"@id\":\"https:\\\/\\\/secure.gravatar.com\\\/avatar\\\/4731c00fbff56ff06dea94c3bf4db4508e38ebc4cd67e950334a3f917dda51cf?s=96&d=mm&r=g\",\"url\":\"https:\\\/\\\/secure.gravatar.com\\\/avatar\\\/4731c00fbff56ff06dea94c3bf4db4508e38ebc4cd67e950334a3f917dda51cf?s=96&d=mm&r=g\",\"contentUrl\":\"https:\\\/\\\/secure.gravatar.com\\\/avatar\\\/4731c00fbff56ff06dea94c3bf4db4508e38ebc4cd67e950334a3f917dda51cf?s=96&d=mm&r=g\",\"caption\":\"Trio Abassionato\"},\"logo\":{\"@id\":\"https:\\\/\\\/secure.gravatar.com\\\/avatar\\\/4731c00fbff56ff06dea94c3bf4db4508e38ebc4cd67e950334a3f917dda51cf?s=96&d=mm&r=g\"},\"sameAs\":[\"http:\\\/\\\/abassionato.de\"]}]}<\/script>\n<!-- \/ Yoast SEO plugin. -->","yoast_head_json":{"title":"Trio abassionato - Trio abassionato","description":"Das Trio abassionato sind die drei Kontrabassist*innen Juliane Bruckmann, Lars Radloff und Matthias Solle.","robots":{"index":"index","follow":"follow","max-snippet":"max-snippet:-1","max-image-preview":"max-image-preview:large","max-video-preview":"max-video-preview:-1"},"canonical":"https:\/\/abassionato.de\/","og_locale":"de_DE","og_type":"article","og_title":"Trio abassionato - Trio abassionato","og_description":"Das Trio abassionato sind die drei Kontrabassist*innen Juliane Bruckmann, Lars Radloff und Matthias Solle.","og_url":"https:\/\/abassionato.de\/","og_site_name":"Trio abassionato","article_modified_time":"2025-09-25T10:22:00+00:00","twitter_card":"summary_large_image","twitter_misc":{"Gesch\u00e4tzte Lesezeit":"2\u00a0Minuten"},"schema":{"@context":"https:\/\/schema.org","@graph":[{"@type":"WebPage","@id":"https:\/\/abassionato.de\/","url":"https:\/\/abassionato.de\/","name":"Trio abassionato - Trio abassionato","isPartOf":{"@id":"https:\/\/abassionato.de\/#website"},"datePublished":"2020-04-02T19:18:21+00:00","dateModified":"2025-09-25T10:22:00+00:00","description":"Das Trio abassionato sind die drei Kontrabassist*innen Juliane Bruckmann, Lars Radloff und Matthias Solle.","breadcrumb":{"@id":"https:\/\/abassionato.de\/#breadcrumb"},"inLanguage":"de","potentialAction":[{"@type":"ReadAction","target":["https:\/\/abassionato.de\/"]}]},{"@type":"BreadcrumbList","@id":"https:\/\/abassionato.de\/#breadcrumb","itemListElement":[{"@type":"ListItem","position":1,"name":"Startseite","item":"https:\/\/abassionato.de\/"},{"@type":"ListItem","position":2,"name":"Trio abassionato"}]},{"@type":"WebSite","@id":"https:\/\/abassionato.de\/#website","url":"https:\/\/abassionato.de\/","name":"Trio abassionato","description":"","publisher":{"@id":"https:\/\/abassionato.de\/#\/schema\/person\/b36ecb75c5a777d91b605874fd93921e"},"potentialAction":[{"@type":"SearchAction","target":{"@type":"EntryPoint","urlTemplate":"https:\/\/abassionato.de\/?s={search_term_string}"},"query-input":{"@type":"PropertyValueSpecification","valueRequired":true,"valueName":"search_term_string"}}],"inLanguage":"de"},{"@type":["Person","Organization"],"@id":"https:\/\/abassionato.de\/#\/schema\/person\/b36ecb75c5a777d91b605874fd93921e","name":"Trio Abassionato","image":{"@type":"ImageObject","inLanguage":"de","@id":"https:\/\/secure.gravatar.com\/avatar\/4731c00fbff56ff06dea94c3bf4db4508e38ebc4cd67e950334a3f917dda51cf?s=96&d=mm&r=g","url":"https:\/\/secure.gravatar.com\/avatar\/4731c00fbff56ff06dea94c3bf4db4508e38ebc4cd67e950334a3f917dda51cf?s=96&d=mm&r=g","contentUrl":"https:\/\/secure.gravatar.com\/avatar\/4731c00fbff56ff06dea94c3bf4db4508e38ebc4cd67e950334a3f917dda51cf?s=96&d=mm&r=g","caption":"Trio Abassionato"},"logo":{"@id":"https:\/\/secure.gravatar.com\/avatar\/4731c00fbff56ff06dea94c3bf4db4508e38ebc4cd67e950334a3f917dda51cf?s=96&d=mm&r=g"},"sameAs":["http:\/\/abassionato.de"]}]}},"_links":{"self":[{"href":"https:\/\/abassionato.de\/index.php?rest_route=\/wp\/v2\/pages\/72","targetHints":{"allow":["GET"]}}],"collection":[{"href":"https:\/\/abassionato.de\/index.php?rest_route=\/wp\/v2\/pages"}],"about":[{"href":"https:\/\/abassionato.de\/index.php?rest_route=\/wp\/v2\/types\/page"}],"author":[{"embeddable":true,"href":"https:\/\/abassionato.de\/index.php?rest_route=\/wp\/v2\/users\/1"}],"replies":[{"embeddable":true,"href":"https:\/\/abassionato.de\/index.php?rest_route=%2Fwp%2Fv2%2Fcomments&post=72"}],"version-history":[{"count":25,"href":"https:\/\/abassionato.de\/index.php?rest_route=\/wp\/v2\/pages\/72\/revisions"}],"predecessor-version":[{"id":229,"href":"https:\/\/abassionato.de\/index.php?rest_route=\/wp\/v2\/pages\/72\/revisions\/229"}],"wp:attachment":[{"href":"https:\/\/abassionato.de\/index.php?rest_route=%2Fwp%2Fv2%2Fmedia&parent=72"}],"curies":[{"name":"wp","href":"https:\/\/api.w.org\/{rel}","templated":true}]}}