{"id":39,"date":"2019-04-15T21:45:08","date_gmt":"2019-04-15T21:45:08","guid":{"rendered":"http:\/\/abassionato.de\/?page_id=39"},"modified":"2022-08-21T12:51:48","modified_gmt":"2022-08-21T12:51:48","slug":"matthias-solle","status":"publish","type":"page","link":"https:\/\/abassionato.de\/?page_id=39","title":{"rendered":"Matthias Solle"},"content":{"rendered":"\n<div class=\"wp-block-cover alignleft is-light\"><span aria-hidden=\"true\" class=\"wp-block-cover__background has-background-dim-0 has-background-dim\"><\/span><img fetchpriority=\"high\" decoding=\"async\" width=\"1418\" height=\"1600\" class=\"wp-block-cover__image-background wp-image-161\" src=\"https:\/\/abassionato.de\/wp-content\/uploads\/2020\/04\/F3D2AD59-0EB6-45FD-9D67-0D45D4B65514.jpeg\" style=\"object-position:70% 50%\" data-object-fit=\"cover\" data-object-position=\"70% 50%\" srcset=\"https:\/\/abassionato.de\/wp-content\/uploads\/2020\/04\/F3D2AD59-0EB6-45FD-9D67-0D45D4B65514.jpeg 1418w, https:\/\/abassionato.de\/wp-content\/uploads\/2020\/04\/F3D2AD59-0EB6-45FD-9D67-0D45D4B65514-266x300.jpeg 266w, https:\/\/abassionato.de\/wp-content\/uploads\/2020\/04\/F3D2AD59-0EB6-45FD-9D67-0D45D4B65514-908x1024.jpeg 908w, https:\/\/abassionato.de\/wp-content\/uploads\/2020\/04\/F3D2AD59-0EB6-45FD-9D67-0D45D4B65514-768x867.jpeg 768w, https:\/\/abassionato.de\/wp-content\/uploads\/2020\/04\/F3D2AD59-0EB6-45FD-9D67-0D45D4B65514-1361x1536.jpeg 1361w\" sizes=\"(max-width: 1418px) 100vw, 1418px\" \/><div class=\"wp-block-cover__inner-container is-layout-flow wp-block-cover-is-layout-flow\">\n<p class=\"has-text-align-center has-large-font-size\"><\/p>\n<\/div><\/div>\n\n\n\n<p>Matthias Solle begann sein Studium an der Hochschule f\u00fcr K\u00fcnste Bremen bei Prof. Stefan Adelmann. Nach dem Abschluss der Bachelorstudiums 2017 wechselte er zu Prof. Stanislau Anischanka an die Hochschule f\u00fcr Musik Detmold. Seit 2014 ist er Stipendiat der Oscar und Vera Ritter-Stiftung Hamburg, 2018 erhielt er den GWK-F\u00f6rderpreis der Gesellschaft zur westf\u00e4lischen Kulturarbeit, M\u00fcnster.<\/p>\n\n\n\n<p>Zudem konnte er reiche Orchestererfahrungen sammeln, u. a. in der Deutschen Streicherphilharmonie, dem Jugendorchester des Schleswig-Holstein Musikfestival, bei der NDR Radiophilharmonie Hannover und dem G\u00fcrzenich Orchester K\u00f6ln. Von 2014 bis 2016 war er Akademist beim WDR Sinfonieorchester und schlie\u00dflich als 2. Solokontrabass beim D\u00e4nischen Radiosinfonieorchester Kopenhagen. Seit der Spielzeit 19\/20 ist er Mitglied der Essener Philharmoniker.<\/p>\n\n\n\n<p><\/p>\n","protected":false},"excerpt":{"rendered":"<p>Matthias Solle begann sein Studium an der Hochschule f\u00fcr K\u00fcnste Bremen bei Prof. Stefan Adelmann. Nach dem Abschluss der Bachelorstudiums 2017 wechselte er zu Prof. Stanislau Anischanka an die Hochschule f\u00fcr Musik Detmold. Seit 2014 ist er Stipendiat der Oscar<\/p>\n","protected":false},"author":1,"featured_media":0,"parent":0,"menu_order":0,"comment_status":"closed","ping_status":"closed","template":"","meta":{"footnotes":""},"class_list":["post-39","page","type-page","status-publish","hentry"],"yoast_head":"<!-- This site is optimized with the Yoast SEO plugin v27.5 - https:\/\/yoast.com\/product\/yoast-seo-wordpress\/ -->\n<title>Matthias Solle - Trio abassionato<\/title>\n<meta name=\"robots\" content=\"index, follow, max-snippet:-1, max-image-preview:large, max-video-preview:-1\" \/>\n<link rel=\"canonical\" href=\"https:\/\/abassionato.de\/?page_id=39\" \/>\n<meta property=\"og:locale\" content=\"de_DE\" \/>\n<meta property=\"og:type\" content=\"article\" \/>\n<meta property=\"og:title\" content=\"Matthias Solle - Trio abassionato\" \/>\n<meta property=\"og:description\" content=\"Matthias Solle begann sein Studium an der Hochschule f\u00fcr K\u00fcnste Bremen bei Prof. Stefan Adelmann. Nach dem Abschluss der Bachelorstudiums 2017 wechselte er zu Prof. Stanislau Anischanka an die Hochschule f\u00fcr Musik Detmold. Seit 2014 ist er Stipendiat der Oscar\" \/>\n<meta property=\"og:url\" content=\"https:\/\/abassionato.de\/?page_id=39\" \/>\n<meta property=\"og:site_name\" content=\"Trio abassionato\" \/>\n<meta property=\"article:modified_time\" content=\"2022-08-21T12:51:48+00:00\" \/>\n<meta property=\"og:image\" content=\"http:\/\/abassionato.de\/wp-content\/uploads\/2020\/04\/F3D2AD59-0EB6-45FD-9D67-0D45D4B65514.jpeg\" \/>\n<meta name=\"twitter:card\" content=\"summary_large_image\" \/>\n<meta name=\"twitter:label1\" content=\"Gesch\u00e4tzte Lesezeit\" \/>\n\t<meta name=\"twitter:data1\" content=\"1\u00a0Minute\" \/>\n<script type=\"application\/ld+json\" class=\"yoast-schema-graph\">{\"@context\":\"https:\\\/\\\/schema.org\",\"@graph\":[{\"@type\":\"WebPage\",\"@id\":\"https:\\\/\\\/abassionato.de\\\/?page_id=39\",\"url\":\"https:\\\/\\\/abassionato.de\\\/?page_id=39\",\"name\":\"Matthias Solle - Trio abassionato\",\"isPartOf\":{\"@id\":\"https:\\\/\\\/abassionato.de\\\/#website\"},\"primaryImageOfPage\":{\"@id\":\"https:\\\/\\\/abassionato.de\\\/?page_id=39#primaryimage\"},\"image\":{\"@id\":\"https:\\\/\\\/abassionato.de\\\/?page_id=39#primaryimage\"},\"thumbnailUrl\":\"http:\\\/\\\/abassionato.de\\\/wp-content\\\/uploads\\\/2020\\\/04\\\/F3D2AD59-0EB6-45FD-9D67-0D45D4B65514.jpeg\",\"datePublished\":\"2019-04-15T21:45:08+00:00\",\"dateModified\":\"2022-08-21T12:51:48+00:00\",\"breadcrumb\":{\"@id\":\"https:\\\/\\\/abassionato.de\\\/?page_id=39#breadcrumb\"},\"inLanguage\":\"de\",\"potentialAction\":[{\"@type\":\"ReadAction\",\"target\":[\"https:\\\/\\\/abassionato.de\\\/?page_id=39\"]}]},{\"@type\":\"ImageObject\",\"inLanguage\":\"de\",\"@id\":\"https:\\\/\\\/abassionato.de\\\/?page_id=39#primaryimage\",\"url\":\"http:\\\/\\\/abassionato.de\\\/wp-content\\\/uploads\\\/2020\\\/04\\\/F3D2AD59-0EB6-45FD-9D67-0D45D4B65514.jpeg\",\"contentUrl\":\"http:\\\/\\\/abassionato.de\\\/wp-content\\\/uploads\\\/2020\\\/04\\\/F3D2AD59-0EB6-45FD-9D67-0D45D4B65514.jpeg\"},{\"@type\":\"BreadcrumbList\",\"@id\":\"https:\\\/\\\/abassionato.de\\\/?page_id=39#breadcrumb\",\"itemListElement\":[{\"@type\":\"ListItem\",\"position\":1,\"name\":\"Startseite\",\"item\":\"https:\\\/\\\/abassionato.de\\\/\"},{\"@type\":\"ListItem\",\"position\":2,\"name\":\"Matthias Solle\"}]},{\"@type\":\"WebSite\",\"@id\":\"https:\\\/\\\/abassionato.de\\\/#website\",\"url\":\"https:\\\/\\\/abassionato.de\\\/\",\"name\":\"Trio abassionato\",\"description\":\"\",\"publisher\":{\"@id\":\"https:\\\/\\\/abassionato.de\\\/#\\\/schema\\\/person\\\/b36ecb75c5a777d91b605874fd93921e\"},\"potentialAction\":[{\"@type\":\"SearchAction\",\"target\":{\"@type\":\"EntryPoint\",\"urlTemplate\":\"https:\\\/\\\/abassionato.de\\\/?s={search_term_string}\"},\"query-input\":{\"@type\":\"PropertyValueSpecification\",\"valueRequired\":true,\"valueName\":\"search_term_string\"}}],\"inLanguage\":\"de\"},{\"@type\":[\"Person\",\"Organization\"],\"@id\":\"https:\\\/\\\/abassionato.de\\\/#\\\/schema\\\/person\\\/b36ecb75c5a777d91b605874fd93921e\",\"name\":\"Trio Abassionato\",\"image\":{\"@type\":\"ImageObject\",\"inLanguage\":\"de\",\"@id\":\"https:\\\/\\\/secure.gravatar.com\\\/avatar\\\/4731c00fbff56ff06dea94c3bf4db4508e38ebc4cd67e950334a3f917dda51cf?s=96&d=mm&r=g\",\"url\":\"https:\\\/\\\/secure.gravatar.com\\\/avatar\\\/4731c00fbff56ff06dea94c3bf4db4508e38ebc4cd67e950334a3f917dda51cf?s=96&d=mm&r=g\",\"contentUrl\":\"https:\\\/\\\/secure.gravatar.com\\\/avatar\\\/4731c00fbff56ff06dea94c3bf4db4508e38ebc4cd67e950334a3f917dda51cf?s=96&d=mm&r=g\",\"caption\":\"Trio Abassionato\"},\"logo\":{\"@id\":\"https:\\\/\\\/secure.gravatar.com\\\/avatar\\\/4731c00fbff56ff06dea94c3bf4db4508e38ebc4cd67e950334a3f917dda51cf?s=96&d=mm&r=g\"},\"sameAs\":[\"http:\\\/\\\/abassionato.de\"]}]}<\/script>\n<!-- \/ Yoast SEO plugin. -->","yoast_head_json":{"title":"Matthias Solle - Trio abassionato","robots":{"index":"index","follow":"follow","max-snippet":"max-snippet:-1","max-image-preview":"max-image-preview:large","max-video-preview":"max-video-preview:-1"},"canonical":"https:\/\/abassionato.de\/?page_id=39","og_locale":"de_DE","og_type":"article","og_title":"Matthias Solle - Trio abassionato","og_description":"Matthias Solle begann sein Studium an der Hochschule f\u00fcr K\u00fcnste Bremen bei Prof. Stefan Adelmann. Nach dem Abschluss der Bachelorstudiums 2017 wechselte er zu Prof. Stanislau Anischanka an die Hochschule f\u00fcr Musik Detmold. Seit 2014 ist er Stipendiat der Oscar","og_url":"https:\/\/abassionato.de\/?page_id=39","og_site_name":"Trio abassionato","article_modified_time":"2022-08-21T12:51:48+00:00","og_image":[{"url":"http:\/\/abassionato.de\/wp-content\/uploads\/2020\/04\/F3D2AD59-0EB6-45FD-9D67-0D45D4B65514.jpeg","type":"","width":"","height":""}],"twitter_card":"summary_large_image","twitter_misc":{"Gesch\u00e4tzte Lesezeit":"1\u00a0Minute"},"schema":{"@context":"https:\/\/schema.org","@graph":[{"@type":"WebPage","@id":"https:\/\/abassionato.de\/?page_id=39","url":"https:\/\/abassionato.de\/?page_id=39","name":"Matthias Solle - Trio abassionato","isPartOf":{"@id":"https:\/\/abassionato.de\/#website"},"primaryImageOfPage":{"@id":"https:\/\/abassionato.de\/?page_id=39#primaryimage"},"image":{"@id":"https:\/\/abassionato.de\/?page_id=39#primaryimage"},"thumbnailUrl":"http:\/\/abassionato.de\/wp-content\/uploads\/2020\/04\/F3D2AD59-0EB6-45FD-9D67-0D45D4B65514.jpeg","datePublished":"2019-04-15T21:45:08+00:00","dateModified":"2022-08-21T12:51:48+00:00","breadcrumb":{"@id":"https:\/\/abassionato.de\/?page_id=39#breadcrumb"},"inLanguage":"de","potentialAction":[{"@type":"ReadAction","target":["https:\/\/abassionato.de\/?page_id=39"]}]},{"@type":"ImageObject","inLanguage":"de","@id":"https:\/\/abassionato.de\/?page_id=39#primaryimage","url":"http:\/\/abassionato.de\/wp-content\/uploads\/2020\/04\/F3D2AD59-0EB6-45FD-9D67-0D45D4B65514.jpeg","contentUrl":"http:\/\/abassionato.de\/wp-content\/uploads\/2020\/04\/F3D2AD59-0EB6-45FD-9D67-0D45D4B65514.jpeg"},{"@type":"BreadcrumbList","@id":"https:\/\/abassionato.de\/?page_id=39#breadcrumb","itemListElement":[{"@type":"ListItem","position":1,"name":"Startseite","item":"https:\/\/abassionato.de\/"},{"@type":"ListItem","position":2,"name":"Matthias Solle"}]},{"@type":"WebSite","@id":"https:\/\/abassionato.de\/#website","url":"https:\/\/abassionato.de\/","name":"Trio abassionato","description":"","publisher":{"@id":"https:\/\/abassionato.de\/#\/schema\/person\/b36ecb75c5a777d91b605874fd93921e"},"potentialAction":[{"@type":"SearchAction","target":{"@type":"EntryPoint","urlTemplate":"https:\/\/abassionato.de\/?s={search_term_string}"},"query-input":{"@type":"PropertyValueSpecification","valueRequired":true,"valueName":"search_term_string"}}],"inLanguage":"de"},{"@type":["Person","Organization"],"@id":"https:\/\/abassionato.de\/#\/schema\/person\/b36ecb75c5a777d91b605874fd93921e","name":"Trio Abassionato","image":{"@type":"ImageObject","inLanguage":"de","@id":"https:\/\/secure.gravatar.com\/avatar\/4731c00fbff56ff06dea94c3bf4db4508e38ebc4cd67e950334a3f917dda51cf?s=96&d=mm&r=g","url":"https:\/\/secure.gravatar.com\/avatar\/4731c00fbff56ff06dea94c3bf4db4508e38ebc4cd67e950334a3f917dda51cf?s=96&d=mm&r=g","contentUrl":"https:\/\/secure.gravatar.com\/avatar\/4731c00fbff56ff06dea94c3bf4db4508e38ebc4cd67e950334a3f917dda51cf?s=96&d=mm&r=g","caption":"Trio Abassionato"},"logo":{"@id":"https:\/\/secure.gravatar.com\/avatar\/4731c00fbff56ff06dea94c3bf4db4508e38ebc4cd67e950334a3f917dda51cf?s=96&d=mm&r=g"},"sameAs":["http:\/\/abassionato.de"]}]}},"_links":{"self":[{"href":"https:\/\/abassionato.de\/index.php?rest_route=\/wp\/v2\/pages\/39","targetHints":{"allow":["GET"]}}],"collection":[{"href":"https:\/\/abassionato.de\/index.php?rest_route=\/wp\/v2\/pages"}],"about":[{"href":"https:\/\/abassionato.de\/index.php?rest_route=\/wp\/v2\/types\/page"}],"author":[{"embeddable":true,"href":"https:\/\/abassionato.de\/index.php?rest_route=\/wp\/v2\/users\/1"}],"replies":[{"embeddable":true,"href":"https:\/\/abassionato.de\/index.php?rest_route=%2Fwp%2Fv2%2Fcomments&post=39"}],"version-history":[{"count":8,"href":"https:\/\/abassionato.de\/index.php?rest_route=\/wp\/v2\/pages\/39\/revisions"}],"predecessor-version":[{"id":175,"href":"https:\/\/abassionato.de\/index.php?rest_route=\/wp\/v2\/pages\/39\/revisions\/175"}],"wp:attachment":[{"href":"https:\/\/abassionato.de\/index.php?rest_route=%2Fwp%2Fv2%2Fmedia&parent=39"}],"curies":[{"name":"wp","href":"https:\/\/api.w.org\/{rel}","templated":true}]}}