{"id":33,"date":"2019-04-15T21:43:21","date_gmt":"2019-04-15T21:43:21","guid":{"rendered":"http:\/\/abassionato.de\/?page_id=33"},"modified":"2022-12-29T17:06:11","modified_gmt":"2022-12-29T17:06:11","slug":"juliane-bruckmann","status":"publish","type":"page","link":"https:\/\/abassionato.de\/?page_id=33","title":{"rendered":"Juliane Bruckmann"},"content":{"rendered":"\n<figure class=\"wp-block-gallery alignleft has-nested-images columns-default is-cropped wp-block-gallery-1 is-layout-flex wp-block-gallery-is-layout-flex\">\n<figure class=\"wp-block-image size-large\"><img fetchpriority=\"high\" decoding=\"async\" width=\"683\" height=\"1024\" data-id=\"182\" src=\"https:\/\/abassionato.de\/wp-content\/uploads\/2022\/12\/KIK06166-683x1024.jpg\" alt=\"\" class=\"wp-image-182\" srcset=\"https:\/\/abassionato.de\/wp-content\/uploads\/2022\/12\/KIK06166-683x1024.jpg 683w, https:\/\/abassionato.de\/wp-content\/uploads\/2022\/12\/KIK06166-200x300.jpg 200w, https:\/\/abassionato.de\/wp-content\/uploads\/2022\/12\/KIK06166-768x1152.jpg 768w, https:\/\/abassionato.de\/wp-content\/uploads\/2022\/12\/KIK06166-1024x1536.jpg 1024w, https:\/\/abassionato.de\/wp-content\/uploads\/2022\/12\/KIK06166-1365x2048.jpg 1365w, https:\/\/abassionato.de\/wp-content\/uploads\/2022\/12\/KIK06166-scaled.jpg 1707w\" sizes=\"(max-width: 683px) 100vw, 683px\" \/><figcaption class=\"wp-element-caption\">c Kaupo Kikkas<\/figcaption><\/figure>\n<\/figure>\n\n\n\n<p>Juliane Bruckmann ist seit 2017&nbsp;Mitglied der Deutschen Kammerphilharmonie Bremen. Als Gast spielt sie dar\u00fcber hinaus in Orchestern wie dem Estonian Festival Orchestra, dem Kammerorchester Basel, Ensemble Resonanz, Les Si\u00e8cles, Boston Early Music Festival Orchestra oder dem Tafelmusik Baroque Orchestra.<\/p>\n\n\n\n<p>Auch kammermusikalisch ist Juliane regelm\u00e4\u00dfig zu h\u00f6ren. Mit dem franz ensemble wurde sie 2020 mit dem OPUS Klassik ausgezeichnet und konzertiert regelm\u00e4\u00dfig bei renommierten Festivals wie dem Musikfest Bremen, den Gezeitenkonzerten und dem Kissinger Sommer.<\/p>\n\n\n\n<p>Als Jungstudentin erhielt Juliane Unterricht von Prof. Gottfried Engels in K\u00f6ln; nach dem Abitur setzte sie ihr Studium bei Prof. Bozo Parad\u017eik in Freiburg, Dane Roberts in Frankfurt und Jo\u0451lle Morton in Toronto fort. In ihrer Studienzeit war sie Stipendiatin der Studienstiftung des Deutschen Volkes und Live Music Now Freiburg e.V., Mitglied der Jungen Deutschen Philharmonie und Praktikantin im SWR Sinfonieorchester Baden-Baden und Freiburg. Wichtige weitere Impulse erhielt sie auf Meisterkursen von u.a. Prof. Janne Saksala, Prof. Esko Laine, Prof. Christine Hoock, Ekkehard Weber und Prof. Dorin Marc.\u00a0<\/p>\n\n\n\n<p>Sehr am Herzen liegt Juliane auch die p\u00e4dagogische und Musik vermittelnde Arbeit. So ist sie seit vielen Jahren in p\u00e4dagogischen Arbeitsgemeinschaften aktiv, Gr\u00fcndungsmitglied der PAK Deutschland e.V. und Mitgestalterin vieler Kooperationsprojekte mit der Gesamtschule Bremen-Ost.<\/p>\n","protected":false},"excerpt":{"rendered":"<p>Juliane Bruckmann ist seit 2017&nbsp;Mitglied der Deutschen Kammerphilharmonie Bremen. Als Gast spielt sie dar\u00fcber hinaus in Orchestern wie dem Estonian Festival Orchestra, dem Kammerorchester Basel, Ensemble Resonanz, Les Si\u00e8cles, Boston Early Music Festival Orchestra oder dem Tafelmusik Baroque Orchestra. Auch<\/p>\n","protected":false},"author":1,"featured_media":0,"parent":0,"menu_order":0,"comment_status":"closed","ping_status":"closed","template":"","meta":{"footnotes":""},"class_list":["post-33","page","type-page","status-publish","hentry"],"yoast_head":"<!-- This site is optimized with the Yoast SEO plugin v27.5 - https:\/\/yoast.com\/product\/yoast-seo-wordpress\/ -->\n<title>Juliane Bruckmann - Trio abassionato<\/title>\n<meta name=\"robots\" content=\"index, follow, max-snippet:-1, max-image-preview:large, max-video-preview:-1\" \/>\n<link rel=\"canonical\" href=\"https:\/\/abassionato.de\/?page_id=33\" \/>\n<meta property=\"og:locale\" content=\"de_DE\" \/>\n<meta property=\"og:type\" content=\"article\" \/>\n<meta property=\"og:title\" content=\"Juliane Bruckmann - Trio abassionato\" \/>\n<meta property=\"og:description\" content=\"Juliane Bruckmann ist seit 2017&nbsp;Mitglied der Deutschen Kammerphilharmonie Bremen. Als Gast spielt sie dar\u00fcber hinaus in Orchestern wie dem Estonian Festival Orchestra, dem Kammerorchester Basel, Ensemble Resonanz, Les Si\u00e8cles, Boston Early Music Festival Orchestra oder dem Tafelmusik Baroque Orchestra. Auch\" \/>\n<meta property=\"og:url\" content=\"https:\/\/abassionato.de\/?page_id=33\" \/>\n<meta property=\"og:site_name\" content=\"Trio abassionato\" \/>\n<meta property=\"article:modified_time\" content=\"2022-12-29T17:06:11+00:00\" \/>\n<meta property=\"og:image\" content=\"https:\/\/abassionato.de\/wp-content\/uploads\/2022\/12\/KIK06166-683x1024.jpg\" \/>\n<meta name=\"twitter:card\" content=\"summary_large_image\" \/>\n<meta name=\"twitter:label1\" content=\"Gesch\u00e4tzte Lesezeit\" \/>\n\t<meta name=\"twitter:data1\" content=\"2\u00a0Minuten\" \/>\n<script type=\"application\/ld+json\" class=\"yoast-schema-graph\">{\"@context\":\"https:\\\/\\\/schema.org\",\"@graph\":[{\"@type\":\"WebPage\",\"@id\":\"https:\\\/\\\/abassionato.de\\\/?page_id=33\",\"url\":\"https:\\\/\\\/abassionato.de\\\/?page_id=33\",\"name\":\"Juliane Bruckmann - Trio abassionato\",\"isPartOf\":{\"@id\":\"https:\\\/\\\/abassionato.de\\\/#website\"},\"primaryImageOfPage\":{\"@id\":\"https:\\\/\\\/abassionato.de\\\/?page_id=33#primaryimage\"},\"image\":{\"@id\":\"https:\\\/\\\/abassionato.de\\\/?page_id=33#primaryimage\"},\"thumbnailUrl\":\"https:\\\/\\\/abassionato.de\\\/wp-content\\\/uploads\\\/2022\\\/12\\\/KIK06166-683x1024.jpg\",\"datePublished\":\"2019-04-15T21:43:21+00:00\",\"dateModified\":\"2022-12-29T17:06:11+00:00\",\"breadcrumb\":{\"@id\":\"https:\\\/\\\/abassionato.de\\\/?page_id=33#breadcrumb\"},\"inLanguage\":\"de\",\"potentialAction\":[{\"@type\":\"ReadAction\",\"target\":[\"https:\\\/\\\/abassionato.de\\\/?page_id=33\"]}]},{\"@type\":\"ImageObject\",\"inLanguage\":\"de\",\"@id\":\"https:\\\/\\\/abassionato.de\\\/?page_id=33#primaryimage\",\"url\":\"https:\\\/\\\/abassionato.de\\\/wp-content\\\/uploads\\\/2022\\\/12\\\/KIK06166-scaled.jpg\",\"contentUrl\":\"https:\\\/\\\/abassionato.de\\\/wp-content\\\/uploads\\\/2022\\\/12\\\/KIK06166-scaled.jpg\",\"width\":1707,\"height\":2560},{\"@type\":\"BreadcrumbList\",\"@id\":\"https:\\\/\\\/abassionato.de\\\/?page_id=33#breadcrumb\",\"itemListElement\":[{\"@type\":\"ListItem\",\"position\":1,\"name\":\"Startseite\",\"item\":\"https:\\\/\\\/abassionato.de\\\/\"},{\"@type\":\"ListItem\",\"position\":2,\"name\":\"Juliane Bruckmann\"}]},{\"@type\":\"WebSite\",\"@id\":\"https:\\\/\\\/abassionato.de\\\/#website\",\"url\":\"https:\\\/\\\/abassionato.de\\\/\",\"name\":\"Trio abassionato\",\"description\":\"\",\"publisher\":{\"@id\":\"https:\\\/\\\/abassionato.de\\\/#\\\/schema\\\/person\\\/b36ecb75c5a777d91b605874fd93921e\"},\"potentialAction\":[{\"@type\":\"SearchAction\",\"target\":{\"@type\":\"EntryPoint\",\"urlTemplate\":\"https:\\\/\\\/abassionato.de\\\/?s={search_term_string}\"},\"query-input\":{\"@type\":\"PropertyValueSpecification\",\"valueRequired\":true,\"valueName\":\"search_term_string\"}}],\"inLanguage\":\"de\"},{\"@type\":[\"Person\",\"Organization\"],\"@id\":\"https:\\\/\\\/abassionato.de\\\/#\\\/schema\\\/person\\\/b36ecb75c5a777d91b605874fd93921e\",\"name\":\"Trio Abassionato\",\"image\":{\"@type\":\"ImageObject\",\"inLanguage\":\"de\",\"@id\":\"https:\\\/\\\/secure.gravatar.com\\\/avatar\\\/4731c00fbff56ff06dea94c3bf4db4508e38ebc4cd67e950334a3f917dda51cf?s=96&d=mm&r=g\",\"url\":\"https:\\\/\\\/secure.gravatar.com\\\/avatar\\\/4731c00fbff56ff06dea94c3bf4db4508e38ebc4cd67e950334a3f917dda51cf?s=96&d=mm&r=g\",\"contentUrl\":\"https:\\\/\\\/secure.gravatar.com\\\/avatar\\\/4731c00fbff56ff06dea94c3bf4db4508e38ebc4cd67e950334a3f917dda51cf?s=96&d=mm&r=g\",\"caption\":\"Trio Abassionato\"},\"logo\":{\"@id\":\"https:\\\/\\\/secure.gravatar.com\\\/avatar\\\/4731c00fbff56ff06dea94c3bf4db4508e38ebc4cd67e950334a3f917dda51cf?s=96&d=mm&r=g\"},\"sameAs\":[\"http:\\\/\\\/abassionato.de\"]}]}<\/script>\n<!-- \/ Yoast SEO plugin. -->","yoast_head_json":{"title":"Juliane Bruckmann - Trio abassionato","robots":{"index":"index","follow":"follow","max-snippet":"max-snippet:-1","max-image-preview":"max-image-preview:large","max-video-preview":"max-video-preview:-1"},"canonical":"https:\/\/abassionato.de\/?page_id=33","og_locale":"de_DE","og_type":"article","og_title":"Juliane Bruckmann - Trio abassionato","og_description":"Juliane Bruckmann ist seit 2017&nbsp;Mitglied der Deutschen Kammerphilharmonie Bremen. Als Gast spielt sie dar\u00fcber hinaus in Orchestern wie dem Estonian Festival Orchestra, dem Kammerorchester Basel, Ensemble Resonanz, Les Si\u00e8cles, Boston Early Music Festival Orchestra oder dem Tafelmusik Baroque Orchestra. Auch","og_url":"https:\/\/abassionato.de\/?page_id=33","og_site_name":"Trio abassionato","article_modified_time":"2022-12-29T17:06:11+00:00","og_image":[{"url":"https:\/\/abassionato.de\/wp-content\/uploads\/2022\/12\/KIK06166-683x1024.jpg","type":"","width":"","height":""}],"twitter_card":"summary_large_image","twitter_misc":{"Gesch\u00e4tzte Lesezeit":"2\u00a0Minuten"},"schema":{"@context":"https:\/\/schema.org","@graph":[{"@type":"WebPage","@id":"https:\/\/abassionato.de\/?page_id=33","url":"https:\/\/abassionato.de\/?page_id=33","name":"Juliane Bruckmann - Trio abassionato","isPartOf":{"@id":"https:\/\/abassionato.de\/#website"},"primaryImageOfPage":{"@id":"https:\/\/abassionato.de\/?page_id=33#primaryimage"},"image":{"@id":"https:\/\/abassionato.de\/?page_id=33#primaryimage"},"thumbnailUrl":"https:\/\/abassionato.de\/wp-content\/uploads\/2022\/12\/KIK06166-683x1024.jpg","datePublished":"2019-04-15T21:43:21+00:00","dateModified":"2022-12-29T17:06:11+00:00","breadcrumb":{"@id":"https:\/\/abassionato.de\/?page_id=33#breadcrumb"},"inLanguage":"de","potentialAction":[{"@type":"ReadAction","target":["https:\/\/abassionato.de\/?page_id=33"]}]},{"@type":"ImageObject","inLanguage":"de","@id":"https:\/\/abassionato.de\/?page_id=33#primaryimage","url":"https:\/\/abassionato.de\/wp-content\/uploads\/2022\/12\/KIK06166-scaled.jpg","contentUrl":"https:\/\/abassionato.de\/wp-content\/uploads\/2022\/12\/KIK06166-scaled.jpg","width":1707,"height":2560},{"@type":"BreadcrumbList","@id":"https:\/\/abassionato.de\/?page_id=33#breadcrumb","itemListElement":[{"@type":"ListItem","position":1,"name":"Startseite","item":"https:\/\/abassionato.de\/"},{"@type":"ListItem","position":2,"name":"Juliane Bruckmann"}]},{"@type":"WebSite","@id":"https:\/\/abassionato.de\/#website","url":"https:\/\/abassionato.de\/","name":"Trio abassionato","description":"","publisher":{"@id":"https:\/\/abassionato.de\/#\/schema\/person\/b36ecb75c5a777d91b605874fd93921e"},"potentialAction":[{"@type":"SearchAction","target":{"@type":"EntryPoint","urlTemplate":"https:\/\/abassionato.de\/?s={search_term_string}"},"query-input":{"@type":"PropertyValueSpecification","valueRequired":true,"valueName":"search_term_string"}}],"inLanguage":"de"},{"@type":["Person","Organization"],"@id":"https:\/\/abassionato.de\/#\/schema\/person\/b36ecb75c5a777d91b605874fd93921e","name":"Trio Abassionato","image":{"@type":"ImageObject","inLanguage":"de","@id":"https:\/\/secure.gravatar.com\/avatar\/4731c00fbff56ff06dea94c3bf4db4508e38ebc4cd67e950334a3f917dda51cf?s=96&d=mm&r=g","url":"https:\/\/secure.gravatar.com\/avatar\/4731c00fbff56ff06dea94c3bf4db4508e38ebc4cd67e950334a3f917dda51cf?s=96&d=mm&r=g","contentUrl":"https:\/\/secure.gravatar.com\/avatar\/4731c00fbff56ff06dea94c3bf4db4508e38ebc4cd67e950334a3f917dda51cf?s=96&d=mm&r=g","caption":"Trio Abassionato"},"logo":{"@id":"https:\/\/secure.gravatar.com\/avatar\/4731c00fbff56ff06dea94c3bf4db4508e38ebc4cd67e950334a3f917dda51cf?s=96&d=mm&r=g"},"sameAs":["http:\/\/abassionato.de"]}]}},"_links":{"self":[{"href":"https:\/\/abassionato.de\/index.php?rest_route=\/wp\/v2\/pages\/33","targetHints":{"allow":["GET"]}}],"collection":[{"href":"https:\/\/abassionato.de\/index.php?rest_route=\/wp\/v2\/pages"}],"about":[{"href":"https:\/\/abassionato.de\/index.php?rest_route=\/wp\/v2\/types\/page"}],"author":[{"embeddable":true,"href":"https:\/\/abassionato.de\/index.php?rest_route=\/wp\/v2\/users\/1"}],"replies":[{"embeddable":true,"href":"https:\/\/abassionato.de\/index.php?rest_route=%2Fwp%2Fv2%2Fcomments&post=33"}],"version-history":[{"count":10,"href":"https:\/\/abassionato.de\/index.php?rest_route=\/wp\/v2\/pages\/33\/revisions"}],"predecessor-version":[{"id":185,"href":"https:\/\/abassionato.de\/index.php?rest_route=\/wp\/v2\/pages\/33\/revisions\/185"}],"wp:attachment":[{"href":"https:\/\/abassionato.de\/index.php?rest_route=%2Fwp%2Fv2%2Fmedia&parent=33"}],"curies":[{"name":"wp","href":"https:\/\/api.w.org\/{rel}","templated":true}]}}