{"id":101,"date":"2020-04-02T21:29:32","date_gmt":"2020-04-02T21:29:32","guid":{"rendered":"http:\/\/abassionato.de\/?page_id=101"},"modified":"2025-09-23T19:09:53","modified_gmt":"2025-09-23T19:09:53","slug":"lars-radloff","status":"publish","type":"page","link":"https:\/\/abassionato.de\/?page_id=101","title":{"rendered":"Lars Radloff"},"content":{"rendered":"\n<div class=\"wp-block-cover alignleft is-light\"><img fetchpriority=\"high\" decoding=\"async\" width=\"683\" height=\"1024\" class=\"wp-block-cover__image-background wp-image-147\" alt=\"\" src=\"https:\/\/abassionato.de\/wp-content\/uploads\/2020\/04\/7948D99C-64E7-4775-880D-2A2A8C77EE43-683x1024.jpeg\" data-object-fit=\"cover\" srcset=\"https:\/\/abassionato.de\/wp-content\/uploads\/2020\/04\/7948D99C-64E7-4775-880D-2A2A8C77EE43-683x1024.jpeg 683w, https:\/\/abassionato.de\/wp-content\/uploads\/2020\/04\/7948D99C-64E7-4775-880D-2A2A8C77EE43-200x300.jpeg 200w, https:\/\/abassionato.de\/wp-content\/uploads\/2020\/04\/7948D99C-64E7-4775-880D-2A2A8C77EE43-768x1152.jpeg 768w, https:\/\/abassionato.de\/wp-content\/uploads\/2020\/04\/7948D99C-64E7-4775-880D-2A2A8C77EE43-1024x1536.jpeg 1024w, https:\/\/abassionato.de\/wp-content\/uploads\/2020\/04\/7948D99C-64E7-4775-880D-2A2A8C77EE43-1365x2048.jpeg 1365w, https:\/\/abassionato.de\/wp-content\/uploads\/2020\/04\/7948D99C-64E7-4775-880D-2A2A8C77EE43-scaled.jpeg 1706w\" sizes=\"(max-width: 683px) 100vw, 683px\" \/><span aria-hidden=\"true\" class=\"wp-block-cover__background has-background-dim-0 has-background-dim\"><\/span><div class=\"wp-block-cover__inner-container is-layout-flow wp-block-cover-is-layout-flow\">\n<p class=\"has-text-align-center has-large-font-size\"><\/p>\n<\/div><\/div>\n\n\n\n<p>Lars Radloff ist seit September 2020 Mitglied der D\u00fcsseldorfer Symphoniker und gastiert regelm\u00e4\u00dfig bei u.a. der Deutschen Kammerphilharmonie Bremen, dem Mahler Chamber Orchestra, dem London Symphony Orchestra und beim Symphonieorchester des Bayerischen Rundfunks. Im Jahr 2022 spielt er erstmals in der Kontrabassgruppe des Lucerne Festival Orchesters. <\/p>\n\n\n\n<p>2017 wurde ihm der 1. Preis des internen Wettbewerbs der Hochschule f\u00fcr Musik und Tanz K\u00f6ln verliehen. Au\u00dferdem gewann er Preise auf &nbsp;Bundesebene des Wettbewerbs Jugend musiziert.<\/p>\n\n\n\n<p>1994 in Essen geboren, erhielt Lars Radloff im Alter von 8 Jahren seinen ersten Kontrabassunterricht bei Bernardo Camatta.<\/p>\n\n\n\n<p>Nach einem Jungstudium bei Prof. Gottfried Engels und dem Bachelorstudium bei Prof. Veit Peter Sch\u00fc\u00dfler an der Hochschule f\u00fcr Musik und Tanz K\u00f6ln schloss er sein Masterstudium an der Robert Schumann Musikhochschule in D\u00fcsseldorf bei Prof. Rick Stotijn mit Auszeichnung ab. Derzeit setzt er sein Studium bei Prof. Rick Stotijn im Studiengang Konzertexamen fort.<\/p>\n\n\n\n<p class=\"has-drop-cap\"><\/p>\n","protected":false},"excerpt":{"rendered":"<p>Lars Radloff ist seit September 2020 Mitglied der D\u00fcsseldorfer Symphoniker und gastiert regelm\u00e4\u00dfig bei u.a. der Deutschen Kammerphilharmonie Bremen, dem Mahler Chamber Orchestra, dem London Symphony Orchestra und beim Symphonieorchester des Bayerischen Rundfunks. Im Jahr 2022 spielt er erstmals in<\/p>\n","protected":false},"author":1,"featured_media":0,"parent":72,"menu_order":0,"comment_status":"closed","ping_status":"closed","template":"","meta":{"footnotes":""},"class_list":["post-101","page","type-page","status-publish","hentry"],"yoast_head":"<!-- This site is optimized with the Yoast SEO plugin v27.6 - https:\/\/yoast.com\/product\/yoast-seo-wordpress\/ -->\n<title>Lars Radloff - Trio abassionato<\/title>\n<meta name=\"robots\" content=\"index, follow, max-snippet:-1, max-image-preview:large, max-video-preview:-1\" \/>\n<link rel=\"canonical\" href=\"https:\/\/abassionato.de\/?page_id=101\" \/>\n<meta property=\"og:locale\" content=\"de_DE\" \/>\n<meta property=\"og:type\" content=\"article\" \/>\n<meta property=\"og:title\" content=\"Lars Radloff - Trio abassionato\" \/>\n<meta property=\"og:description\" content=\"Lars Radloff ist seit September 2020 Mitglied der D\u00fcsseldorfer Symphoniker und gastiert regelm\u00e4\u00dfig bei u.a. der Deutschen Kammerphilharmonie Bremen, dem Mahler Chamber Orchestra, dem London Symphony Orchestra und beim Symphonieorchester des Bayerischen Rundfunks. Im Jahr 2022 spielt er erstmals in\" \/>\n<meta property=\"og:url\" content=\"https:\/\/abassionato.de\/?page_id=101\" \/>\n<meta property=\"og:site_name\" content=\"Trio abassionato\" \/>\n<meta property=\"article:modified_time\" content=\"2025-09-23T19:09:53+00:00\" \/>\n<meta property=\"og:image\" content=\"http:\/\/abassionato.de\/wp-content\/uploads\/2020\/04\/7948D99C-64E7-4775-880D-2A2A8C77EE43-683x1024.jpeg\" \/>\n<meta name=\"twitter:card\" content=\"summary_large_image\" \/>\n<meta name=\"twitter:label1\" content=\"Gesch\u00e4tzte Lesezeit\" \/>\n\t<meta name=\"twitter:data1\" content=\"2\u00a0Minuten\" \/>\n<script type=\"application\/ld+json\" class=\"yoast-schema-graph\">{\"@context\":\"https:\\\/\\\/schema.org\",\"@graph\":[{\"@type\":\"WebPage\",\"@id\":\"https:\\\/\\\/abassionato.de\\\/?page_id=101\",\"url\":\"https:\\\/\\\/abassionato.de\\\/?page_id=101\",\"name\":\"Lars Radloff - Trio abassionato\",\"isPartOf\":{\"@id\":\"https:\\\/\\\/abassionato.de\\\/#website\"},\"primaryImageOfPage\":{\"@id\":\"https:\\\/\\\/abassionato.de\\\/?page_id=101#primaryimage\"},\"image\":{\"@id\":\"https:\\\/\\\/abassionato.de\\\/?page_id=101#primaryimage\"},\"thumbnailUrl\":\"http:\\\/\\\/abassionato.de\\\/wp-content\\\/uploads\\\/2020\\\/04\\\/7948D99C-64E7-4775-880D-2A2A8C77EE43-683x1024.jpeg\",\"datePublished\":\"2020-04-02T21:29:32+00:00\",\"dateModified\":\"2025-09-23T19:09:53+00:00\",\"breadcrumb\":{\"@id\":\"https:\\\/\\\/abassionato.de\\\/?page_id=101#breadcrumb\"},\"inLanguage\":\"de\",\"potentialAction\":[{\"@type\":\"ReadAction\",\"target\":[\"https:\\\/\\\/abassionato.de\\\/?page_id=101\"]}]},{\"@type\":\"ImageObject\",\"inLanguage\":\"de\",\"@id\":\"https:\\\/\\\/abassionato.de\\\/?page_id=101#primaryimage\",\"url\":\"http:\\\/\\\/abassionato.de\\\/wp-content\\\/uploads\\\/2020\\\/04\\\/7948D99C-64E7-4775-880D-2A2A8C77EE43-683x1024.jpeg\",\"contentUrl\":\"http:\\\/\\\/abassionato.de\\\/wp-content\\\/uploads\\\/2020\\\/04\\\/7948D99C-64E7-4775-880D-2A2A8C77EE43-683x1024.jpeg\"},{\"@type\":\"BreadcrumbList\",\"@id\":\"https:\\\/\\\/abassionato.de\\\/?page_id=101#breadcrumb\",\"itemListElement\":[{\"@type\":\"ListItem\",\"position\":1,\"name\":\"Startseite\",\"item\":\"https:\\\/\\\/abassionato.de\\\/\"},{\"@type\":\"ListItem\",\"position\":2,\"name\":\"Trio abassionato\",\"item\":\"https:\\\/\\\/abassionato.de\\\/\"},{\"@type\":\"ListItem\",\"position\":3,\"name\":\"Lars Radloff\"}]},{\"@type\":\"WebSite\",\"@id\":\"https:\\\/\\\/abassionato.de\\\/#website\",\"url\":\"https:\\\/\\\/abassionato.de\\\/\",\"name\":\"Trio abassionato\",\"description\":\"\",\"publisher\":{\"@id\":\"https:\\\/\\\/abassionato.de\\\/#\\\/schema\\\/person\\\/b36ecb75c5a777d91b605874fd93921e\"},\"potentialAction\":[{\"@type\":\"SearchAction\",\"target\":{\"@type\":\"EntryPoint\",\"urlTemplate\":\"https:\\\/\\\/abassionato.de\\\/?s={search_term_string}\"},\"query-input\":{\"@type\":\"PropertyValueSpecification\",\"valueRequired\":true,\"valueName\":\"search_term_string\"}}],\"inLanguage\":\"de\"},{\"@type\":[\"Person\",\"Organization\"],\"@id\":\"https:\\\/\\\/abassionato.de\\\/#\\\/schema\\\/person\\\/b36ecb75c5a777d91b605874fd93921e\",\"name\":\"Trio Abassionato\",\"image\":{\"@type\":\"ImageObject\",\"inLanguage\":\"de\",\"@id\":\"https:\\\/\\\/secure.gravatar.com\\\/avatar\\\/4731c00fbff56ff06dea94c3bf4db4508e38ebc4cd67e950334a3f917dda51cf?s=96&d=mm&r=g\",\"url\":\"https:\\\/\\\/secure.gravatar.com\\\/avatar\\\/4731c00fbff56ff06dea94c3bf4db4508e38ebc4cd67e950334a3f917dda51cf?s=96&d=mm&r=g\",\"contentUrl\":\"https:\\\/\\\/secure.gravatar.com\\\/avatar\\\/4731c00fbff56ff06dea94c3bf4db4508e38ebc4cd67e950334a3f917dda51cf?s=96&d=mm&r=g\",\"caption\":\"Trio Abassionato\"},\"logo\":{\"@id\":\"https:\\\/\\\/secure.gravatar.com\\\/avatar\\\/4731c00fbff56ff06dea94c3bf4db4508e38ebc4cd67e950334a3f917dda51cf?s=96&d=mm&r=g\"},\"sameAs\":[\"http:\\\/\\\/abassionato.de\"]}]}<\/script>\n<!-- \/ Yoast SEO plugin. -->","yoast_head_json":{"title":"Lars Radloff - Trio abassionato","robots":{"index":"index","follow":"follow","max-snippet":"max-snippet:-1","max-image-preview":"max-image-preview:large","max-video-preview":"max-video-preview:-1"},"canonical":"https:\/\/abassionato.de\/?page_id=101","og_locale":"de_DE","og_type":"article","og_title":"Lars Radloff - Trio abassionato","og_description":"Lars Radloff ist seit September 2020 Mitglied der D\u00fcsseldorfer Symphoniker und gastiert regelm\u00e4\u00dfig bei u.a. der Deutschen Kammerphilharmonie Bremen, dem Mahler Chamber Orchestra, dem London Symphony Orchestra und beim Symphonieorchester des Bayerischen Rundfunks. Im Jahr 2022 spielt er erstmals in","og_url":"https:\/\/abassionato.de\/?page_id=101","og_site_name":"Trio abassionato","article_modified_time":"2025-09-23T19:09:53+00:00","og_image":[{"url":"http:\/\/abassionato.de\/wp-content\/uploads\/2020\/04\/7948D99C-64E7-4775-880D-2A2A8C77EE43-683x1024.jpeg","type":"","width":"","height":""}],"twitter_card":"summary_large_image","twitter_misc":{"Gesch\u00e4tzte Lesezeit":"2\u00a0Minuten"},"schema":{"@context":"https:\/\/schema.org","@graph":[{"@type":"WebPage","@id":"https:\/\/abassionato.de\/?page_id=101","url":"https:\/\/abassionato.de\/?page_id=101","name":"Lars Radloff - Trio abassionato","isPartOf":{"@id":"https:\/\/abassionato.de\/#website"},"primaryImageOfPage":{"@id":"https:\/\/abassionato.de\/?page_id=101#primaryimage"},"image":{"@id":"https:\/\/abassionato.de\/?page_id=101#primaryimage"},"thumbnailUrl":"http:\/\/abassionato.de\/wp-content\/uploads\/2020\/04\/7948D99C-64E7-4775-880D-2A2A8C77EE43-683x1024.jpeg","datePublished":"2020-04-02T21:29:32+00:00","dateModified":"2025-09-23T19:09:53+00:00","breadcrumb":{"@id":"https:\/\/abassionato.de\/?page_id=101#breadcrumb"},"inLanguage":"de","potentialAction":[{"@type":"ReadAction","target":["https:\/\/abassionato.de\/?page_id=101"]}]},{"@type":"ImageObject","inLanguage":"de","@id":"https:\/\/abassionato.de\/?page_id=101#primaryimage","url":"http:\/\/abassionato.de\/wp-content\/uploads\/2020\/04\/7948D99C-64E7-4775-880D-2A2A8C77EE43-683x1024.jpeg","contentUrl":"http:\/\/abassionato.de\/wp-content\/uploads\/2020\/04\/7948D99C-64E7-4775-880D-2A2A8C77EE43-683x1024.jpeg"},{"@type":"BreadcrumbList","@id":"https:\/\/abassionato.de\/?page_id=101#breadcrumb","itemListElement":[{"@type":"ListItem","position":1,"name":"Startseite","item":"https:\/\/abassionato.de\/"},{"@type":"ListItem","position":2,"name":"Trio abassionato","item":"https:\/\/abassionato.de\/"},{"@type":"ListItem","position":3,"name":"Lars Radloff"}]},{"@type":"WebSite","@id":"https:\/\/abassionato.de\/#website","url":"https:\/\/abassionato.de\/","name":"Trio abassionato","description":"","publisher":{"@id":"https:\/\/abassionato.de\/#\/schema\/person\/b36ecb75c5a777d91b605874fd93921e"},"potentialAction":[{"@type":"SearchAction","target":{"@type":"EntryPoint","urlTemplate":"https:\/\/abassionato.de\/?s={search_term_string}"},"query-input":{"@type":"PropertyValueSpecification","valueRequired":true,"valueName":"search_term_string"}}],"inLanguage":"de"},{"@type":["Person","Organization"],"@id":"https:\/\/abassionato.de\/#\/schema\/person\/b36ecb75c5a777d91b605874fd93921e","name":"Trio Abassionato","image":{"@type":"ImageObject","inLanguage":"de","@id":"https:\/\/secure.gravatar.com\/avatar\/4731c00fbff56ff06dea94c3bf4db4508e38ebc4cd67e950334a3f917dda51cf?s=96&d=mm&r=g","url":"https:\/\/secure.gravatar.com\/avatar\/4731c00fbff56ff06dea94c3bf4db4508e38ebc4cd67e950334a3f917dda51cf?s=96&d=mm&r=g","contentUrl":"https:\/\/secure.gravatar.com\/avatar\/4731c00fbff56ff06dea94c3bf4db4508e38ebc4cd67e950334a3f917dda51cf?s=96&d=mm&r=g","caption":"Trio Abassionato"},"logo":{"@id":"https:\/\/secure.gravatar.com\/avatar\/4731c00fbff56ff06dea94c3bf4db4508e38ebc4cd67e950334a3f917dda51cf?s=96&d=mm&r=g"},"sameAs":["http:\/\/abassionato.de"]}]}},"_links":{"self":[{"href":"https:\/\/abassionato.de\/index.php?rest_route=\/wp\/v2\/pages\/101","targetHints":{"allow":["GET"]}}],"collection":[{"href":"https:\/\/abassionato.de\/index.php?rest_route=\/wp\/v2\/pages"}],"about":[{"href":"https:\/\/abassionato.de\/index.php?rest_route=\/wp\/v2\/types\/page"}],"author":[{"embeddable":true,"href":"https:\/\/abassionato.de\/index.php?rest_route=\/wp\/v2\/users\/1"}],"replies":[{"embeddable":true,"href":"https:\/\/abassionato.de\/index.php?rest_route=%2Fwp%2Fv2%2Fcomments&post=101"}],"version-history":[{"count":18,"href":"https:\/\/abassionato.de\/index.php?rest_route=\/wp\/v2\/pages\/101\/revisions"}],"predecessor-version":[{"id":219,"href":"https:\/\/abassionato.de\/index.php?rest_route=\/wp\/v2\/pages\/101\/revisions\/219"}],"up":[{"embeddable":true,"href":"https:\/\/abassionato.de\/index.php?rest_route=\/wp\/v2\/pages\/72"}],"wp:attachment":[{"href":"https:\/\/abassionato.de\/index.php?rest_route=%2Fwp%2Fv2%2Fmedia&parent=101"}],"curies":[{"name":"wp","href":"https:\/\/api.w.org\/{rel}","templated":true}]}}